{"id":3447,"date":"2024-01-08T13:08:15","date_gmt":"2024-01-08T12:08:15","guid":{"rendered":"https:\/\/www.tscnet.eu\/jobs-2\/"},"modified":"2024-08-13T17:25:40","modified_gmt":"2024-08-13T15:25:40","slug":"jobs","status":"publish","type":"page","link":"https:\/\/www.tscnet.eu\/de\/jobs\/","title":{"rendered":"Jobs"},"content":{"rendered":"\t\t<div data-elementor-type=\"wp-page\" data-elementor-id=\"3447\" class=\"elementor elementor-3447 elementor-2939\" data-elementor-post-type=\"page\">\n\t\t\t\t<div data-particle_enable=\"false\" data-particle-mobile-disabled=\"false\" class=\"elementor-element elementor-element-41914a3 e-con-full e-flex e-con e-parent\" data-id=\"41914a3\" data-element_type=\"container\" data-e-type=\"container\" data-settings=\"{&quot;background_background&quot;:&quot;classic&quot;}\">\n\t\t<div data-particle_enable=\"false\" data-particle-mobile-disabled=\"false\" class=\"elementor-element elementor-element-8cecab4 e-con-full e-flex e-con e-child\" data-id=\"8cecab4\" data-element_type=\"container\" data-e-type=\"container\">\n\t\t\t\t<div class=\"elementor-element elementor-element-e7989ae elementor-widget elementor-widget-heading\" data-id=\"e7989ae\" data-element_type=\"widget\" data-e-type=\"widget\" data-widget_type=\"heading.default\">\n\t\t\t\t<div class=\"elementor-widget-container\">\n\t\t\t\t\t<h1 class=\"elementor-heading-title elementor-size-default\">Deine Reise beginnt hier!<\/h1>\t\t\t\t<\/div>\n\t\t\t\t<\/div>\n\t\t\t\t<div class=\"elementor-element elementor-element-e60a48f elementor-widget elementor-widget-text-editor\" data-id=\"e60a48f\" data-element_type=\"widget\" data-e-type=\"widget\" data-widget_type=\"text-editor.default\">\n\t\t\t\t<div class=\"elementor-widget-container\">\n\t\t\t\t\t\t\t\t\t<p>Wir glauben daran, Menschen stark zu machen. Wir glauben daran, eine gute Zeit bei der Arbeit zu haben. Wir glauben daran, die besten Leute und Profile auf dem Markt einzustellen. Wir wachsen und sind st\u00e4ndig auf der Suche nach den besten Talenten.<\/p>\n\t\t\t\t\t\t\t\t<\/div>\n\t\t\t\t<\/div>\n\t\t\t\t<div class=\"elementor-element elementor-element-242bbbc elementor-widget elementor-widget-shortcode\" data-id=\"242bbbc\" data-element_type=\"widget\" data-e-type=\"widget\" data-widget_type=\"shortcode.default\">\n\t\t\t\t<div class=\"elementor-widget-container\">\n\t\t\t\t\t\t\t<div class=\"elementor-shortcode\">\t<form id=\"job-filter\">\n\n\t\t\t\t\t<h3>Filter<\/h3>\n\n\t\t\t\t\t<label for=\"department\">Abteilung<\/label>\n\n\t\t\t\t\t<div class=\"select\">\n\n\t\t\t\t\t\t<select id=\"department\">\n\n\t\t\t\t\t\t\t<option value=\"\">- Alle -<\/option>\n\n\t\t\t\t\t\t\t<option value=\"service-development\">Service Development<\/option>\n\t\t\t\t\t\t\t<option value=\"service-operations\">Service Operations<\/option>\n\t\t\t\t\t\t\t<option value=\"service-quality-agreements\">Service Quality &amp; Agreements<\/option>\n\t\t\t\t\t\t\t<option value=\"finance-projects\">Finance &amp; Projects<\/option>\n\t\t\t\t\t\t\t<option value=\"information-technology\">Information Technology<\/option>\n\t\t\t\t\t\t\t<option value=\"co-operation-programme\">Co-Operation Programme<\/option>\n\t\t\t\t\t\t\t<option value=\"enterprise-business-architecture\">Enterprise &amp; Business Architecture<\/option>\n\t\t\t\t\t\t\t<option value=\"executive-office\">Executive Office<\/option>\n\t\t\t\t\t\t\t<option value=\"people-culture\">People &amp; Culture<\/option>\n\t\t\t\t\t\t\t<option value=\"legal-regulatory-affairs-compliance\">Legal, Regulatory Affairs &amp; Compliance<\/option>\n\t\t\t\t\t\t\t<option value=\"information-security\">Information Security<\/option>\n\t\t\t\t\t\t\t<option value=\"communications\">Communications<\/option>\n\n\t\t\t\t\t\t<\/select>\n\n\t\t\t\t\t<\/div>\n\n\t\t\t\t\t<label for=\"experience\">Berufserfahrung<\/label>\n\n\t\t\t\t\t<div class=\"select\">\n\n\t\t\t\t\t\t<select id=\"experience\">\n\n\t\t\t\t\t\t\t<option value=\"\">- Alle -<\/option>\n\t\t\t\t\t\t\t<option value=\"student\">Student\/Trainee\/Intern<\/option><\/option>\n\t\t\t\t\t\t\t<option value=\"entry-level\">Entry Level<\/option><\/option>\n\t\t\t\t\t\t\t<option value=\"experienced\">Experienced<\/option><\/option>\n\t\t\t\t\t\t\t<option value=\"executive\">Executive\/VP\/Director<\/option><\/option>\n\n\t\t\t\t\t\t<\/select>\n\n\t\t\t\t\t<\/div>\n\n\t\t\t\t\t<label for=\"type\">Arbeitszeit<\/label>\n\n\t\t\t\t\t<div class=\"select\">\n\n\t\t\t\t\t\t<select id=\"type\">\n\n\t\t\t\t\t\t\t<option value=\"\">- Alle -<\/option>\n\t\t\t\t\t\t\t<option value=\"full-time\">Vollzeit (38h)<\/option>\n\t\t\t\t\t\t\t<option value=\"part-time\">Teilzeit<\/option>\n\n\t\t\t\t\t\t<\/select>\n\n\t\t\t\t\t<\/div>\n\n\t\t\t\t<\/form><\/div>\n\t\t\t\t\t\t<\/div>\n\t\t\t\t<\/div>\n\t\t\t\t<\/div>\n\t\t<div data-particle_enable=\"false\" data-particle-mobile-disabled=\"false\" class=\"elementor-element elementor-element-a00a244 e-con-full e-flex e-con e-child\" data-id=\"a00a244\" data-element_type=\"container\" data-e-type=\"container\">\n\t\t\t\t<div class=\"elementor-element elementor-element-60930a5 elementor-widget elementor-widget-shortcode\" data-id=\"60930a5\" data-element_type=\"widget\" data-e-type=\"widget\" data-widget_type=\"shortcode.default\">\n\t\t\t\t<div class=\"elementor-widget-container\">\n\t\t\t\t\t\t\t<div class=\"elementor-shortcode\">\t<div id=\"jobs\" class=\"loading\">\n\t\n\t\t\t\t\t<p>\n\t\t\t\t\t\t<span id=\"currentCount\"><\/span><span id=\"count\">0<\/span> Stellen\n\t\t\t\t\t<\/p>\n\n\t\t\t\t\t<div id=\"results\"><\/div>\n\n\t\t\t\t\t<div id=\"initiative\" style=\"display: none;\">\n\n\t\t\t\t\t\t<h3>Nichts gefunden?<\/h3>\n\n\t\t\t\t\t\t<p>Leider gibt es aktuell keine Stellen, die zu den von Dir ausgew\u00e4hlten Kriterien passen.<br \/>\n\t\t\t\t\t\t\t\t\t\tWir freuen uns aber trotzdem \u00fcber deine Initiativbewerbung und werden sie mit zuk\u00fcnftigen Jobangeboten abgleichen. Danke.<\/p>\n\n\t\t\t\t\t\t<a href=\"\/de\/job\/initiativbewerbung\/1425077\/\" target=\"_blank\" class=\"btn\">Jetzt bewerben<\/a>\n\n\t\t\t\t\t<\/div>\n\t\t\t\t\t\n\t\t\t\t<\/div><\/div>\n\t\t\t\t\t\t<\/div>\n\t\t\t\t<\/div>\n\t\t\t\t<\/div>\n\t\t\t\t<\/div>\n\t\t<div data-particle_enable=\"false\" data-particle-mobile-disabled=\"false\" class=\"elementor-element elementor-element-67a8827 e-con-full e-flex e-con e-parent\" data-id=\"67a8827\" data-element_type=\"container\" data-e-type=\"container\">\n\t\t<div data-particle_enable=\"false\" data-particle-mobile-disabled=\"false\" class=\"elementor-element elementor-element-e7e33b8 e-con-full e-flex e-con e-child\" data-id=\"e7e33b8\" data-element_type=\"container\" data-e-type=\"container\">\n\t\t\t\t<div class=\"elementor-element elementor-element-333f116 elementor-widget elementor-widget-heading\" data-id=\"333f116\" data-element_type=\"widget\" data-e-type=\"widget\" data-widget_type=\"heading.default\">\n\t\t\t\t<div class=\"elementor-widget-container\">\n\t\t\t\t\t<h3 class=\"elementor-heading-title elementor-size-default\">Ist die von Ihnen gesuchte Stelle nicht dabei?<\/h3>\t\t\t\t<\/div>\n\t\t\t\t<\/div>\n\t\t\t\t<div class=\"elementor-element elementor-element-e4ed566 elementor-widget elementor-widget-heading\" data-id=\"e4ed566\" data-element_type=\"widget\" data-e-type=\"widget\" data-widget_type=\"heading.default\">\n\t\t\t\t<div class=\"elementor-widget-container\">\n\t\t\t\t\t<h2 class=\"elementor-heading-title elementor-size-default\">Wir sind immer auf der Suche nach<br>\nau\u00dfergew\u00f6hnlichen Menschen in unserem Netzwerk. <\/h2>\t\t\t\t<\/div>\n\t\t\t\t<\/div>\n\t\t\t\t<div class=\"elementor-element elementor-element-3de88dd elementor-widget elementor-widget-text-editor\" data-id=\"3de88dd\" data-element_type=\"widget\" data-e-type=\"widget\" data-widget_type=\"text-editor.default\">\n\t\t\t\t<div class=\"elementor-widget-container\">\n\t\t\t\t\t\t\t\t\t<p>Bei uns arbeiten viele unterschiedliche Pers\u00f6nlichkeiten &#8211; Vielfalt ist f\u00fcr uns ein nat\u00fcrlicher und konstanter Bestandteil unserer Kultur und Zusammenarbeit. Wenn Sie keinen passenden Job gefunden haben, machen Sie sich keine Sorgen! Bewerben Sie sich gerne per Initiativbewerbung. Wir pr\u00fcfen dann, ob es passende Positionen gibt.<\/p>\n\t\t\t\t\t\t\t\t<\/div>\n\t\t\t\t<\/div>\n\t\t\t\t<\/div>\n\t\t<div data-particle_enable=\"false\" data-particle-mobile-disabled=\"false\" class=\"elementor-element elementor-element-5b42b07 e-con-full e-flex e-con e-child\" data-id=\"5b42b07\" data-element_type=\"container\" data-e-type=\"container\">\n\t\t\t\t<div class=\"elementor-element elementor-element-aaae355 elementor-widget elementor-widget-template\" data-id=\"aaae355\" data-element_type=\"widget\" data-e-type=\"widget\" data-widget_type=\"template.default\">\n\t\t\t\t<div class=\"elementor-widget-container\">\n\t\t\t\t\t\t\t<div class=\"elementor-template\">\n\t\t\t\t\t<div data-elementor-type=\"container\" data-elementor-id=\"3509\" class=\"elementor elementor-3509 elementor-811 elementor-811\" data-elementor-post-type=\"elementor_library\">\n\t\t\t\t<div data-particle_enable=\"false\" data-particle-mobile-disabled=\"false\" class=\"elementor-element elementor-element-d3cb682 e-con-full e-flex e-con e-parent\" data-id=\"d3cb682\" data-element_type=\"container\" data-e-type=\"container\">\n\t\t<div data-particle_enable=\"false\" data-particle-mobile-disabled=\"false\" class=\"elementor-element elementor-element-b197ac9 e-con-full e-flex e-con e-child\" data-id=\"b197ac9\" data-element_type=\"container\" data-e-type=\"container\">\n\t\t\t\t<div class=\"elementor-element elementor-element-3b3377b elementor-widget elementor-widget-image\" data-id=\"3b3377b\" data-element_type=\"widget\" data-e-type=\"widget\" data-widget_type=\"image.default\">\n\t\t\t\t<div class=\"elementor-widget-container\">\n\t\t\t\t\t\t\t\t\t\t\t\t\t\t\t<img fetchpriority=\"high\" decoding=\"async\" width=\"1920\" height=\"1281\" src=\"\/wp-content\/uploads\/career-header-interim.jpg\" class=\"attachment-full size-full wp-image-3380\" alt=\"\" srcset=\"https:\/\/www.tscnet.eu\/wp-content\/uploads\/career-header-interim.jpg 1920w, https:\/\/www.tscnet.eu\/wp-content\/uploads\/career-header-interim-600x400.jpg 600w, https:\/\/www.tscnet.eu\/wp-content\/uploads\/career-header-interim-1200x800.jpg 1200w, https:\/\/www.tscnet.eu\/wp-content\/uploads\/career-header-interim-768x512.jpg 768w, https:\/\/www.tscnet.eu\/wp-content\/uploads\/career-header-interim-1536x1025.jpg 1536w, https:\/\/www.tscnet.eu\/wp-content\/uploads\/elementor\/thumbs\/career-header-interim.jpg 637w\" sizes=\"(max-width: 1920px) 100vw, 1920px\" \/>\t\t\t\t\t\t\t\t\t\t\t\t\t\t\t<\/div>\n\t\t\t\t<\/div>\n\t\t<div data-particle_enable=\"false\" data-particle-mobile-disabled=\"false\" class=\"elementor-element elementor-element-8e86f02 e-con-full e-flex elementor-invisible e-con e-child\" data-id=\"8e86f02\" data-element_type=\"container\" data-e-type=\"container\" data-settings=\"{&quot;background_background&quot;:&quot;classic&quot;,&quot;animation&quot;:&quot;fadeInLeft&quot;}\">\n\t\t\t\t<div class=\"elementor-element elementor-element-c92c5c2 elementor-widget elementor-widget-text-editor\" data-id=\"c92c5c2\" data-element_type=\"widget\" data-e-type=\"widget\" data-widget_type=\"text-editor.default\">\n\t\t\t\t<div class=\"elementor-widget-container\">\n\t\t\t\t\t\t\t\t\t<p>Angestellte aus<\/br> 37 verschiedenen L\u00e4ndern<\/p>\n\t\t\t\t\t\t\t\t<\/div>\n\t\t\t\t<\/div>\n\t\t\t\t<\/div>\n\t\t\t\t<\/div>\n\t\t<div data-particle_enable=\"false\" data-particle-mobile-disabled=\"false\" class=\"elementor-element elementor-element-1941caa e-con-full e-flex e-con e-child\" data-id=\"1941caa\" data-element_type=\"container\" data-e-type=\"container\">\n\t\t<div data-particle_enable=\"false\" data-particle-mobile-disabled=\"false\" class=\"elementor-element elementor-element-f015e3a e-con-full e-flex elementor-invisible e-con e-child\" data-id=\"f015e3a\" data-element_type=\"container\" data-e-type=\"container\" data-settings=\"{&quot;background_background&quot;:&quot;classic&quot;,&quot;animation&quot;:&quot;fadeInLeft&quot;}\">\n\t\t\t\t<div class=\"elementor-element elementor-element-8e624c4 elementor-widget elementor-widget-image\" data-id=\"8e624c4\" data-element_type=\"widget\" data-e-type=\"widget\" data-widget_type=\"image.default\">\n\t\t\t\t<div class=\"elementor-widget-container\">\n\t\t\t\t\t\t\t\t\t\t\t\t\t\t\t<img decoding=\"async\" src=\"\/wp-content\/uploads\/QuoteMarks.svg\" class=\"attachment-full size-full wp-image-3255\" alt=\"\" \/>\t\t\t\t\t\t\t\t\t\t\t\t\t\t\t<\/div>\n\t\t\t\t<\/div>\n\t\t\t\t<div class=\"elementor-element elementor-element-dad73f4 elementor-widget elementor-widget-text-editor\" data-id=\"dad73f4\" data-element_type=\"widget\" data-e-type=\"widget\" data-widget_type=\"text-editor.default\">\n\t\t\t\t<div class=\"elementor-widget-container\">\n\t\t\t\t\t\t\t\t\t<p>In jedem von uns stecken Talente und F\u00e4higkeiten, die wir jeden Tag entdecken und weiterentwickeln k\u00f6nnen. Man muss jede Chance dazu selbst ergreifen, aber das ist viel einfacher, wenn man ein Umfeld hat, das einen unterst\u00fctzt und immer wieder neue M\u00f6glichkeiten bietet. <\/p>\n\t\t\t\t\t\t\t\t<\/div>\n\t\t\t\t<\/div>\n\t\t\t\t<div class=\"elementor-element elementor-element-c8b6cb3 elementor-widget elementor-widget-text-editor\" data-id=\"c8b6cb3\" data-element_type=\"widget\" data-e-type=\"widget\" data-widget_type=\"text-editor.default\">\n\t\t\t\t<div class=\"elementor-widget-container\">\n\t\t\t\t\t\t\t\t\t<p>Dieter Wei\u00df <\/p>\n\t\t\t\t\t\t\t\t<\/div>\n\t\t\t\t<\/div>\n\t\t\t\t<div class=\"elementor-element elementor-element-9ed4c51 elementor-widget elementor-widget-text-editor\" data-id=\"9ed4c51\" data-element_type=\"widget\" data-e-type=\"widget\" data-widget_type=\"text-editor.default\">\n\t\t\t\t<div class=\"elementor-widget-container\">\n\t\t\t\t\t\t\t\t\t<p>Managing Director<\/p>\n\t\t\t\t\t\t\t\t<\/div>\n\t\t\t\t<\/div>\n\t\t\t\t<\/div>\n\t\t\t\t<\/div>\n\t\t<div data-particle_enable=\"false\" data-particle-mobile-disabled=\"false\" class=\"elementor-element elementor-element-19291b3 e-con-full e-flex e-con e-child\" data-id=\"19291b3\" data-element_type=\"container\" data-e-type=\"container\">\n\t\t\t\t<div class=\"elementor-element elementor-element-5ab288e elementor-widget elementor-widget-image\" data-id=\"5ab288e\" data-element_type=\"widget\" data-e-type=\"widget\" data-widget_type=\"image.default\">\n\t\t\t\t<div class=\"elementor-widget-container\">\n\t\t\t\t\t\t\t\t\t\t\t\t\t\t\t<img decoding=\"async\" width=\"627\" height=\"800\" src=\"\/wp-content\/uploads\/dieter-weiss-quote.jpg\" class=\"attachment-large size-large wp-image-3299\" alt=\"\" srcset=\"https:\/\/www.tscnet.eu\/wp-content\/uploads\/dieter-weiss-quote.jpg 627w, https:\/\/www.tscnet.eu\/wp-content\/uploads\/dieter-weiss-quote-314x400.jpg 314w\" sizes=\"(max-width: 627px) 100vw, 627px\" \/>\t\t\t\t\t\t\t\t\t\t\t\t\t\t\t<\/div>\n\t\t\t\t<\/div>\n\t\t\t\t<\/div>\n\t\t\t\t<\/div>\n\t\t\t\t<\/div>\n\t\t\t\t<\/div>\n\t\t\t\t\t\t<\/div>\n\t\t\t\t<\/div>\n\t\t\t\t<\/div>\n\t\t\t\t<\/div>\n\t\t\t\t<\/div>\n\t\t","protected":false},"excerpt":{"rendered":"<p>Wir glauben daran, Menschen stark zu machen. Wir glauben daran, eine gute Zeit bei der [&#8230;]<\/p>\n","protected":false},"author":1,"featured_media":0,"parent":0,"menu_order":7,"comment_status":"closed","ping_status":"closed","template":"","meta":{"footnotes":""},"class_list":["post-3447","page","type-page","status-publish","hentry"],"yoast_head":"<!-- This site is optimized with the Yoast SEO plugin v27.4 - https:\/\/yoast.com\/product\/yoast-seo-wordpress\/ -->\n<title>Aktuelle Jobs bei TSCNET | Ihre Karriere in der Energiebranche<\/title>\n<meta name=\"description\" content=\"Finden Sie aktuelle Jobs bei TSCNET. Karrierechancen \u2713 Innovation \u2713 Einfluss nehmen \u2713 Jetzt bewerben und Europas Energiezukunft gestalten! \u2713\" \/>\n<meta name=\"robots\" content=\"index, follow, max-snippet:-1, max-image-preview:large, max-video-preview:-1\" \/>\n<link rel=\"canonical\" href=\"https:\/\/www.tscnet.eu\/de\/jobs\/\" \/>\n<meta property=\"og:locale\" content=\"de_DE\" \/>\n<meta property=\"og:type\" content=\"article\" \/>\n<meta property=\"og:title\" content=\"Aktuelle Jobs bei TSCNET | Ihre Karriere in der Energiebranche\" \/>\n<meta property=\"og:description\" content=\"Finden Sie aktuelle Jobs bei TSCNET. Karrierechancen \u2713 Innovation \u2713 Einfluss nehmen \u2713 Jetzt bewerben und Europas Energiezukunft gestalten! \u2713\" \/>\n<meta property=\"og:url\" content=\"https:\/\/www.tscnet.eu\/de\/jobs\/\" \/>\n<meta property=\"og:site_name\" content=\"TSCNET\" \/>\n<meta property=\"article:modified_time\" content=\"2024-08-13T15:25:40+00:00\" \/>\n<meta name=\"twitter:card\" content=\"summary_large_image\" \/>\n<meta name=\"twitter:label1\" content=\"Gesch\u00e4tzte Lesezeit\" \/>\n\t<meta name=\"twitter:data1\" content=\"1\u00a0Minute\" \/>\n<script type=\"application\/ld+json\" class=\"yoast-schema-graph\">{\"@context\":\"https:\\\/\\\/schema.org\",\"@graph\":[{\"@type\":\"WebPage\",\"@id\":\"https:\\\/\\\/www.tscnet.eu\\\/de\\\/jobs\\\/\",\"url\":\"https:\\\/\\\/www.tscnet.eu\\\/de\\\/jobs\\\/\",\"name\":\"Aktuelle Jobs bei TSCNET | Ihre Karriere in der Energiebranche\",\"isPartOf\":{\"@id\":\"https:\\\/\\\/www.tscnet.eu\\\/de\\\/#website\"},\"datePublished\":\"2024-01-08T12:08:15+00:00\",\"dateModified\":\"2024-08-13T15:25:40+00:00\",\"description\":\"Finden Sie aktuelle Jobs bei TSCNET. Karrierechancen \u2713 Innovation \u2713 Einfluss nehmen \u2713 Jetzt bewerben und Europas Energiezukunft gestalten! \u2713\",\"inLanguage\":\"de\",\"potentialAction\":[{\"@type\":\"ReadAction\",\"target\":[\"https:\\\/\\\/www.tscnet.eu\\\/de\\\/jobs\\\/\"]}]},{\"@type\":\"WebSite\",\"@id\":\"https:\\\/\\\/www.tscnet.eu\\\/de\\\/#website\",\"url\":\"https:\\\/\\\/www.tscnet.eu\\\/de\\\/\",\"name\":\"TSCNET\",\"description\":\"Services\",\"publisher\":{\"@id\":\"https:\\\/\\\/www.tscnet.eu\\\/de\\\/#organization\"},\"potentialAction\":[{\"@type\":\"SearchAction\",\"target\":{\"@type\":\"EntryPoint\",\"urlTemplate\":\"https:\\\/\\\/www.tscnet.eu\\\/de\\\/?s={search_term_string}\"},\"query-input\":{\"@type\":\"PropertyValueSpecification\",\"valueRequired\":true,\"valueName\":\"search_term_string\"}}],\"inLanguage\":\"de\"},{\"@type\":\"Organization\",\"@id\":\"https:\\\/\\\/www.tscnet.eu\\\/de\\\/#organization\",\"name\":\"TSCNET\",\"url\":\"https:\\\/\\\/www.tscnet.eu\\\/de\\\/\",\"logo\":{\"@type\":\"ImageObject\",\"inLanguage\":\"de\",\"@id\":\"https:\\\/\\\/www.tscnet.eu\\\/de\\\/#\\\/schema\\\/logo\\\/image\\\/\",\"url\":\"\\\/wp-content\\\/uploads\\\/TSCNET-Logo-noClaim.svg\",\"contentUrl\":\"\\\/wp-content\\\/uploads\\\/TSCNET-Logo-noClaim.svg\",\"caption\":\"TSCNET\"},\"image\":{\"@id\":\"https:\\\/\\\/www.tscnet.eu\\\/de\\\/#\\\/schema\\\/logo\\\/image\\\/\"}}]}<\/script>\n<!-- \/ Yoast SEO plugin. -->","yoast_head_json":{"title":"Aktuelle Jobs bei TSCNET | Ihre Karriere in der Energiebranche","description":"Finden Sie aktuelle Jobs bei TSCNET. Karrierechancen \u2713 Innovation \u2713 Einfluss nehmen \u2713 Jetzt bewerben und Europas Energiezukunft gestalten! \u2713","robots":{"index":"index","follow":"follow","max-snippet":"max-snippet:-1","max-image-preview":"max-image-preview:large","max-video-preview":"max-video-preview:-1"},"canonical":"https:\/\/www.tscnet.eu\/de\/jobs\/","og_locale":"de_DE","og_type":"article","og_title":"Aktuelle Jobs bei TSCNET | Ihre Karriere in der Energiebranche","og_description":"Finden Sie aktuelle Jobs bei TSCNET. Karrierechancen \u2713 Innovation \u2713 Einfluss nehmen \u2713 Jetzt bewerben und Europas Energiezukunft gestalten! \u2713","og_url":"https:\/\/www.tscnet.eu\/de\/jobs\/","og_site_name":"TSCNET","article_modified_time":"2024-08-13T15:25:40+00:00","twitter_card":"summary_large_image","twitter_misc":{"Gesch\u00e4tzte Lesezeit":"1\u00a0Minute"},"schema":{"@context":"https:\/\/schema.org","@graph":[{"@type":"WebPage","@id":"https:\/\/www.tscnet.eu\/de\/jobs\/","url":"https:\/\/www.tscnet.eu\/de\/jobs\/","name":"Aktuelle Jobs bei TSCNET | Ihre Karriere in der Energiebranche","isPartOf":{"@id":"https:\/\/www.tscnet.eu\/de\/#website"},"datePublished":"2024-01-08T12:08:15+00:00","dateModified":"2024-08-13T15:25:40+00:00","description":"Finden Sie aktuelle Jobs bei TSCNET. Karrierechancen \u2713 Innovation \u2713 Einfluss nehmen \u2713 Jetzt bewerben und Europas Energiezukunft gestalten! \u2713","inLanguage":"de","potentialAction":[{"@type":"ReadAction","target":["https:\/\/www.tscnet.eu\/de\/jobs\/"]}]},{"@type":"WebSite","@id":"https:\/\/www.tscnet.eu\/de\/#website","url":"https:\/\/www.tscnet.eu\/de\/","name":"TSCNET","description":"Services","publisher":{"@id":"https:\/\/www.tscnet.eu\/de\/#organization"},"potentialAction":[{"@type":"SearchAction","target":{"@type":"EntryPoint","urlTemplate":"https:\/\/www.tscnet.eu\/de\/?s={search_term_string}"},"query-input":{"@type":"PropertyValueSpecification","valueRequired":true,"valueName":"search_term_string"}}],"inLanguage":"de"},{"@type":"Organization","@id":"https:\/\/www.tscnet.eu\/de\/#organization","name":"TSCNET","url":"https:\/\/www.tscnet.eu\/de\/","logo":{"@type":"ImageObject","inLanguage":"de","@id":"https:\/\/www.tscnet.eu\/de\/#\/schema\/logo\/image\/","url":"\/wp-content\/uploads\/TSCNET-Logo-noClaim.svg","contentUrl":"\/wp-content\/uploads\/TSCNET-Logo-noClaim.svg","caption":"TSCNET"},"image":{"@id":"https:\/\/www.tscnet.eu\/de\/#\/schema\/logo\/image\/"}}]}},"_links":{"self":[{"href":"https:\/\/www.tscnet.eu\/de\/wp-json\/wp\/v2\/pages\/3447","targetHints":{"allow":["GET"]}}],"collection":[{"href":"https:\/\/www.tscnet.eu\/de\/wp-json\/wp\/v2\/pages"}],"about":[{"href":"https:\/\/www.tscnet.eu\/de\/wp-json\/wp\/v2\/types\/page"}],"author":[{"embeddable":true,"href":"https:\/\/www.tscnet.eu\/de\/wp-json\/wp\/v2\/users\/1"}],"replies":[{"embeddable":true,"href":"https:\/\/www.tscnet.eu\/de\/wp-json\/wp\/v2\/comments?post=3447"}],"version-history":[{"count":6,"href":"https:\/\/www.tscnet.eu\/de\/wp-json\/wp\/v2\/pages\/3447\/revisions"}],"predecessor-version":[{"id":3528,"href":"https:\/\/www.tscnet.eu\/de\/wp-json\/wp\/v2\/pages\/3447\/revisions\/3528"}],"wp:attachment":[{"href":"https:\/\/www.tscnet.eu\/de\/wp-json\/wp\/v2\/media?parent=3447"}],"curies":[{"name":"wp","href":"https:\/\/api.w.org\/{rel}","templated":true}]}}